{"id":2703,"date":"2023-04-10T15:56:05","date_gmt":"2023-04-10T15:56:05","guid":{"rendered":"https:\/\/victorafonso.pt\/?post_type=product&#038;p=2703"},"modified":"2025-02-08T20:06:20","modified_gmt":"2025-02-08T20:06:20","slug":"fruteira-centro-de-mesa-com-opcao-de-transformacao-candeeiro","status":"publish","type":"product","link":"https:\/\/victorafonso.pt\/en\/shop\/fruteira-centro-de-mesa-com-opcao-de-transformacao-candeeiro\/","title":{"rendered":"Fruteira centro de mesa  (com op\u00e7\u00e3o de transforma\u00e7\u00e3o candeeiro )"},"content":{"rendered":"<figure id=\"attachment_2706\" aria-describedby=\"caption-attachment-2706\" style=\"width: 300px\" class=\"wp-caption alignnone\"><img fetchpriority=\"high\" decoding=\"async\" class=\"wp-image-2706 size-medium\" src=\"https:\/\/victorafonso.pt\/wp-content\/uploads\/2023\/04\/340468886_189132777239665_837007677254220478_n-300x225.jpg\" alt=\"\" width=\"300\" height=\"225\" srcset=\"https:\/\/victorafonso.pt\/wp-content\/uploads\/2023\/04\/340468886_189132777239665_837007677254220478_n-300x225.jpg 300w, https:\/\/victorafonso.pt\/wp-content\/uploads\/2023\/04\/340468886_189132777239665_837007677254220478_n-1024x769.jpg 1024w, https:\/\/victorafonso.pt\/wp-content\/uploads\/2023\/04\/340468886_189132777239665_837007677254220478_n-768x577.jpg 768w, https:\/\/victorafonso.pt\/wp-content\/uploads\/2023\/04\/340468886_189132777239665_837007677254220478_n-1536x1154.jpg 1536w, https:\/\/victorafonso.pt\/wp-content\/uploads\/2023\/04\/340468886_189132777239665_837007677254220478_n-16x12.jpg 16w, https:\/\/victorafonso.pt\/wp-content\/uploads\/2023\/04\/340468886_189132777239665_837007677254220478_n-600x451.jpg 600w, https:\/\/victorafonso.pt\/wp-content\/uploads\/2023\/04\/340468886_189132777239665_837007677254220478_n.jpg 2048w\" sizes=\"(max-width: 300px) 100vw, 300px\" \/><figcaption id=\"caption-attachment-2706\" class=\"wp-caption-text\">Costas da fruteira<\/figcaption><\/figure>\n<figure id=\"attachment_2712\" aria-describedby=\"caption-attachment-2712\" style=\"width: 300px\" class=\"wp-caption alignright\"><img decoding=\"async\" class=\"wp-image-2712 size-medium\" src=\"https:\/\/victorafonso.pt\/wp-content\/uploads\/2023\/04\/340753405_532794062362343_6703323712576772851_n-300x225.jpg\" alt=\"\" width=\"300\" height=\"225\" srcset=\"https:\/\/victorafonso.pt\/wp-content\/uploads\/2023\/04\/340753405_532794062362343_6703323712576772851_n-300x225.jpg 300w, https:\/\/victorafonso.pt\/wp-content\/uploads\/2023\/04\/340753405_532794062362343_6703323712576772851_n-1024x769.jpg 1024w, https:\/\/victorafonso.pt\/wp-content\/uploads\/2023\/04\/340753405_532794062362343_6703323712576772851_n-768x577.jpg 768w, https:\/\/victorafonso.pt\/wp-content\/uploads\/2023\/04\/340753405_532794062362343_6703323712576772851_n-1536x1154.jpg 1536w, https:\/\/victorafonso.pt\/wp-content\/uploads\/2023\/04\/340753405_532794062362343_6703323712576772851_n-16x12.jpg 16w, https:\/\/victorafonso.pt\/wp-content\/uploads\/2023\/04\/340753405_532794062362343_6703323712576772851_n-600x451.jpg 600w, https:\/\/victorafonso.pt\/wp-content\/uploads\/2023\/04\/340753405_532794062362343_6703323712576772851_n.jpg 2048w\" sizes=\"(max-width: 300px) 100vw, 300px\" \/><figcaption id=\"caption-attachment-2712\" class=\"wp-caption-text\">Parte interior<\/figcaption><\/figure>\n<figure id=\"attachment_2709\" aria-describedby=\"caption-attachment-2709\" style=\"width: 225px\" class=\"wp-caption alignright\"><img decoding=\"async\" class=\"wp-image-2709 size-medium\" src=\"https:\/\/victorafonso.pt\/wp-content\/uploads\/2023\/04\/340477299_545510874333026_358167809637061176_n-225x300.jpg\" alt=\"\" width=\"225\" height=\"300\" srcset=\"https:\/\/victorafonso.pt\/wp-content\/uploads\/2023\/04\/340477299_545510874333026_358167809637061176_n-225x300.jpg 225w, https:\/\/victorafonso.pt\/wp-content\/uploads\/2023\/04\/340477299_545510874333026_358167809637061176_n-769x1024.jpg 769w, https:\/\/victorafonso.pt\/wp-content\/uploads\/2023\/04\/340477299_545510874333026_358167809637061176_n-768x1023.jpg 768w, https:\/\/victorafonso.pt\/wp-content\/uploads\/2023\/04\/340477299_545510874333026_358167809637061176_n-1154x1536.jpg 1154w, https:\/\/victorafonso.pt\/wp-content\/uploads\/2023\/04\/340477299_545510874333026_358167809637061176_n-9x12.jpg 9w, https:\/\/victorafonso.pt\/wp-content\/uploads\/2023\/04\/340477299_545510874333026_358167809637061176_n-600x799.jpg 600w, https:\/\/victorafonso.pt\/wp-content\/uploads\/2023\/04\/340477299_545510874333026_358167809637061176_n.jpg 1538w\" sizes=\"(max-width: 225px) 100vw, 225px\" \/><figcaption id=\"caption-attachment-2709\" class=\"wp-caption-text\">Costas fruteira<\/figcaption><\/figure>\n<figure id=\"attachment_2715\" aria-describedby=\"caption-attachment-2715\" style=\"width: 300px\" class=\"wp-caption alignnone\"><img loading=\"lazy\" decoding=\"async\" class=\"wp-image-2715 size-medium\" src=\"https:\/\/victorafonso.pt\/wp-content\/uploads\/2023\/04\/340767939_945512933559717_8006340458269603091_n-300x225.jpg\" alt=\"\" width=\"300\" height=\"225\" srcset=\"https:\/\/victorafonso.pt\/wp-content\/uploads\/2023\/04\/340767939_945512933559717_8006340458269603091_n-300x225.jpg 300w, https:\/\/victorafonso.pt\/wp-content\/uploads\/2023\/04\/340767939_945512933559717_8006340458269603091_n-1024x769.jpg 1024w, https:\/\/victorafonso.pt\/wp-content\/uploads\/2023\/04\/340767939_945512933559717_8006340458269603091_n-768x577.jpg 768w, https:\/\/victorafonso.pt\/wp-content\/uploads\/2023\/04\/340767939_945512933559717_8006340458269603091_n-1536x1154.jpg 1536w, https:\/\/victorafonso.pt\/wp-content\/uploads\/2023\/04\/340767939_945512933559717_8006340458269603091_n-16x12.jpg 16w, https:\/\/victorafonso.pt\/wp-content\/uploads\/2023\/04\/340767939_945512933559717_8006340458269603091_n-600x451.jpg 600w, https:\/\/victorafonso.pt\/wp-content\/uploads\/2023\/04\/340767939_945512933559717_8006340458269603091_n.jpg 2048w\" sizes=\"(max-width: 300px) 100vw, 300px\" \/><figcaption id=\"caption-attachment-2715\" class=\"wp-caption-text\">Interior da fruteira<\/figcaption><\/figure>\n<figure id=\"attachment_2718\" aria-describedby=\"caption-attachment-2718\" style=\"width: 300px\" class=\"wp-caption alignright\"><img loading=\"lazy\" decoding=\"async\" class=\"wp-image-2718 size-medium\" src=\"https:\/\/victorafonso.pt\/wp-content\/uploads\/2023\/04\/341001470_715319696943375_3443970576082155500_n-300x225.jpg\" alt=\"\" width=\"300\" height=\"225\" srcset=\"https:\/\/victorafonso.pt\/wp-content\/uploads\/2023\/04\/341001470_715319696943375_3443970576082155500_n-300x225.jpg 300w, https:\/\/victorafonso.pt\/wp-content\/uploads\/2023\/04\/341001470_715319696943375_3443970576082155500_n-1024x769.jpg 1024w, https:\/\/victorafonso.pt\/wp-content\/uploads\/2023\/04\/341001470_715319696943375_3443970576082155500_n-768x577.jpg 768w, https:\/\/victorafonso.pt\/wp-content\/uploads\/2023\/04\/341001470_715319696943375_3443970576082155500_n-1536x1154.jpg 1536w, https:\/\/victorafonso.pt\/wp-content\/uploads\/2023\/04\/341001470_715319696943375_3443970576082155500_n-16x12.jpg 16w, https:\/\/victorafonso.pt\/wp-content\/uploads\/2023\/04\/341001470_715319696943375_3443970576082155500_n-600x451.jpg 600w, https:\/\/victorafonso.pt\/wp-content\/uploads\/2023\/04\/341001470_715319696943375_3443970576082155500_n.jpg 2048w\" sizes=\"(max-width: 300px) 100vw, 300px\" \/><figcaption id=\"caption-attachment-2718\" class=\"wp-caption-text\">Lateral da fruteira<\/figcaption><\/figure>","protected":false},"excerpt":{"rendered":"<p>Fruteira centro de mesa (com op\u00e7\u00e3o de transforma\u00e7\u00e3o candeeiro de teto ou de canto de sala com abajur ) pe\u00e7a em madeira de castanheiro ( castanea Sativa).<\/p>\n<p>Medidas\u00a0 90 cm comprimento<\/p>\n<p>45 cm largura<\/p>\n<p>29 cm profundidade<\/p>","protected":false},"featured_media":2712,"template":"","meta":{"ocean_post_layout":"","ocean_both_sidebars_style":"","ocean_both_sidebars_content_width":0,"ocean_both_sidebars_sidebars_width":0,"ocean_sidebar":"0","ocean_second_sidebar":"0","ocean_disable_margins":"enable","ocean_add_body_class":"","ocean_shortcode_before_top_bar":"","ocean_shortcode_after_top_bar":"","ocean_shortcode_before_header":"","ocean_shortcode_after_header":"","ocean_has_shortcode":"","ocean_shortcode_after_title":"","ocean_shortcode_before_footer_widgets":"","ocean_shortcode_after_footer_widgets":"","ocean_shortcode_before_footer_bottom":"","ocean_shortcode_after_footer_bottom":"","ocean_display_top_bar":"default","ocean_display_header":"default","ocean_header_style":"","ocean_center_header_left_menu":"0","ocean_custom_header_template":"0","ocean_custom_logo":0,"ocean_custom_retina_logo":0,"ocean_custom_logo_max_width":0,"ocean_custom_logo_tablet_max_width":0,"ocean_custom_logo_mobile_max_width":0,"ocean_custom_logo_max_height":0,"ocean_custom_logo_tablet_max_height":0,"ocean_custom_logo_mobile_max_height":0,"ocean_header_custom_menu":"0","ocean_menu_typo_font_family":"0","ocean_menu_typo_font_subset":"","ocean_menu_typo_font_size":0,"ocean_menu_typo_font_size_tablet":0,"ocean_menu_typo_font_size_mobile":0,"ocean_menu_typo_font_size_unit":"px","ocean_menu_typo_font_weight":"","ocean_menu_typo_font_weight_tablet":"","ocean_menu_typo_font_weight_mobile":"","ocean_menu_typo_transform":"","ocean_menu_typo_transform_tablet":"","ocean_menu_typo_transform_mobile":"","ocean_menu_typo_line_height":0,"ocean_menu_typo_line_height_tablet":0,"ocean_menu_typo_line_height_mobile":0,"ocean_menu_typo_line_height_unit":"","ocean_menu_typo_spacing":0,"ocean_menu_typo_spacing_tablet":0,"ocean_menu_typo_spacing_mobile":0,"ocean_menu_typo_spacing_unit":"","ocean_menu_link_color":"","ocean_menu_link_color_hover":"","ocean_menu_link_color_active":"","ocean_menu_link_background":"","ocean_menu_link_hover_background":"","ocean_menu_link_active_background":"","ocean_menu_social_links_bg":"","ocean_menu_social_hover_links_bg":"","ocean_menu_social_links_color":"","ocean_menu_social_hover_links_color":"","ocean_disable_title":"default","ocean_disable_heading":"default","ocean_post_title":"","ocean_post_subheading":"","ocean_post_title_style":"","ocean_post_title_background_color":"","ocean_post_title_background":0,"ocean_post_title_bg_image_position":"","ocean_post_title_bg_image_attachment":"","ocean_post_title_bg_image_repeat":"","ocean_post_title_bg_image_size":"","ocean_post_title_height":0,"ocean_post_title_bg_overlay":0.5,"ocean_post_title_bg_overlay_color":"","ocean_disable_breadcrumbs":"default","ocean_breadcrumbs_color":"","ocean_breadcrumbs_separator_color":"","ocean_breadcrumbs_links_color":"","ocean_breadcrumbs_links_hover_color":"","ocean_display_footer_widgets":"default","ocean_display_footer_bottom":"default","ocean_custom_footer_template":"0"},"product_brand":[],"product_cat":[53,56],"product_tag":[],"class_list":{"0":"post-2703","1":"product","2":"type-product","3":"status-publish","4":"has-post-thumbnail","6":"product_cat-candeeiros","7":"product_cat-fruteiras","9":"entry","10":"has-media","12":"first","13":"instock","14":"taxable","15":"shipping-taxable","16":"purchasable","17":"product-type-simple","18":"has-product-nav","19":"col","20":"span_1_of_4","21":"owp-content-center","22":"item-entry","23":"owp-thumbs-layout-horizontal","24":"owp-btn-normal","25":"owp-tabs-layout-horizontal","26":"has-no-thumbnails","28":"circle-sale"},"_links":{"self":[{"href":"https:\/\/victorafonso.pt\/en\/wp-json\/wp\/v2\/product\/2703","targetHints":{"allow":["GET"]}}],"collection":[{"href":"https:\/\/victorafonso.pt\/en\/wp-json\/wp\/v2\/product"}],"about":[{"href":"https:\/\/victorafonso.pt\/en\/wp-json\/wp\/v2\/types\/product"}],"wp:featuredmedia":[{"embeddable":true,"href":"https:\/\/victorafonso.pt\/en\/wp-json\/wp\/v2\/media\/2712"}],"wp:attachment":[{"href":"https:\/\/victorafonso.pt\/en\/wp-json\/wp\/v2\/media?parent=2703"}],"wp:term":[{"taxonomy":"product_brand","embeddable":true,"href":"https:\/\/victorafonso.pt\/en\/wp-json\/wp\/v2\/product_brand?post=2703"},{"taxonomy":"product_cat","embeddable":true,"href":"https:\/\/victorafonso.pt\/en\/wp-json\/wp\/v2\/product_cat?post=2703"},{"taxonomy":"product_tag","embeddable":true,"href":"https:\/\/victorafonso.pt\/en\/wp-json\/wp\/v2\/product_tag?post=2703"}],"curies":[{"name":"wp","href":"https:\/\/api.w.org\/{rel}","templated":true}]}}