{"id":811,"date":"2021-03-24T16:30:17","date_gmt":"2021-03-24T16:30:17","guid":{"rendered":"https:\/\/victorafonso.pt\/?page_id=811"},"modified":"2022-09-28T10:49:14","modified_gmt":"2022-09-28T10:49:14","slug":"resolucao-de-litigios-online","status":"publish","type":"page","link":"https:\/\/victorafonso.pt\/en\/resolucao-de-litigios-online\/","title":{"rendered":"Resolu\u00e7\u00e3o de Lit\u00edgios Online\u200b"},"content":{"rendered":"<div data-elementor-type=\"wp-page\" data-elementor-id=\"811\" class=\"elementor elementor-811\" data-elementor-post-type=\"page\">\n\t\t\t\t\t\t<section class=\"elementor-section elementor-top-section elementor-element elementor-element-be5dcab elementor-section-boxed elementor-section-height-default elementor-section-height-default\" data-id=\"be5dcab\" data-element_type=\"section\" data-e-type=\"section\">\n\t\t\t\t\t\t<div class=\"elementor-container elementor-column-gap-default\">\n\t\t\t\t\t<div class=\"elementor-column elementor-col-100 elementor-top-column elementor-element elementor-element-348aae0\" data-id=\"348aae0\" data-element_type=\"column\" data-e-type=\"column\">\n\t\t\t<div class=\"elementor-widget-wrap elementor-element-populated\">\n\t\t\t\t\t\t<div class=\"elementor-element elementor-element-bff5e46 elementor-widget elementor-widget-text-editor\" data-id=\"bff5e46\" data-element_type=\"widget\" data-e-type=\"widget\" data-widget_type=\"text-editor.default\">\n\t\t\t\t<div class=\"elementor-widget-container\">\n\t\t\t\t\t\t\t\t\t<section class=\"elementor-section elementor-top-section elementor-element elementor-element-d9ae755 elementor-section-boxed elementor-section-height-default elementor-section-height-default\" data-id=\"d9ae755\" data-element_type=\"section\"><div class=\"elementor-container elementor-column-gap-default\"><div class=\"elementor-column elementor-col-100 elementor-top-column elementor-element elementor-element-f534c9d\" data-id=\"f534c9d\" data-element_type=\"column\"><div class=\"elementor-widget-wrap elementor-element-populated\"><div class=\"elementor-element elementor-element-021c845 elementor-widget elementor-widget-heading\" data-id=\"021c845\" data-element_type=\"widget\" data-widget_type=\"heading.default\"><div class=\"elementor-widget-container\"><h3 class=\"elementor-heading-title elementor-size-default\">Online Dispute Resolution<\/h3><\/div><\/div><\/div><\/div><\/div><\/section><section class=\"elementor-section elementor-top-section elementor-element elementor-element-20f579a elementor-section-boxed elementor-section-height-default elementor-section-height-default\" data-id=\"20f579a\" data-element_type=\"section\"><div class=\"elementor-container elementor-column-gap-default\"><div class=\"elementor-column elementor-col-100 elementor-top-column elementor-element elementor-element-bfcd413\" data-id=\"bfcd413\" data-element_type=\"column\"><div class=\"elementor-widget-wrap elementor-element-populated\"><div class=\"elementor-element elementor-element-d97b748 elementor-widget elementor-widget-text-editor\" data-id=\"d97b748\" data-element_type=\"widget\" data-widget_type=\"text-editor.default\"><div class=\"elementor-widget-container\"><div class=\"elementor-text-editor elementor-clearfix\"><p class=\"translation-block\">The European Union has created a website to support consumers in filing their complaints about any dispute in which they are involved. In this context, VictorAfonso provides all the information so that you can exercise your right of complaint with an official entity, third party and impartial to the process. So, if you were dissatisfied with the purchase of a good or service on our website, or with the solution we presented to resolve the situation, you can access this official website https:\/\/ec.europa.eu\/consumers\/odr and expose your dispute.<\/p><\/div><\/div><\/div><\/div><\/div><\/div><\/section><section class=\"elementor-section elementor-top-section elementor-element elementor-element-3e23df7 elementor-section-boxed elementor-section-height-default elementor-section-height-default\" data-id=\"3e23df7\" data-element_type=\"section\"><div class=\"elementor-container elementor-column-gap-default\"><div class=\"elementor-column elementor-col-100 elementor-top-column elementor-element elementor-element-a299cd9\" data-id=\"a299cd9\" data-element_type=\"column\"><div class=\"elementor-widget-wrap elementor-element-populated\"><div class=\"elementor-element elementor-element-66b8c1f elementor-widget elementor-widget-heading\" data-id=\"66b8c1f\" data-element_type=\"widget\" data-widget_type=\"heading.default\"><div class=\"elementor-widget-container\"><h3 class=\"elementor-heading-title elementor-size-default\">WHAT IS ALTERNATIVE DISPUTE RESOLUTION?<\/h3><\/div><\/div><\/div><\/div><\/div><\/section><section class=\"elementor-section elementor-top-section elementor-element elementor-element-91540aa elementor-section-boxed elementor-section-height-default elementor-section-height-default\" data-id=\"91540aa\" data-element_type=\"section\"><div class=\"elementor-container elementor-column-gap-default\"><div class=\"elementor-column elementor-col-100 elementor-top-column elementor-element elementor-element-54c22b4\" data-id=\"54c22b4\" data-element_type=\"column\"><div class=\"elementor-widget-wrap elementor-element-populated\"><div class=\"elementor-element elementor-element-3c83f5f elementor-widget elementor-widget-text-editor\" data-id=\"3c83f5f\" data-element_type=\"widget\" data-widget_type=\"text-editor.default\"><div class=\"elementor-widget-container\"><div class=\"elementor-text-editor elementor-clearfix\"><p>The alternative resolution of disputes is the possibility that all consumers have at their disposal to appeal and official entities that help them in the resolution, or guidance of any conflict, before opening litigious processes in the Courts. As a general rule, the procedure is as follows: the client asks an impartial third party to act as an intermediary between you and the trader who is the target of your complaint. The intermediary can suggest a solution to your complaint, impose a solution on both parties or bring the parties together to find a solution.<\/p><p>You may know the concept of alternative dispute resolution by another name: \u2018mediation\u2019, \u2018conciliation\u2019, \u2018arbitration\u2019 or \u2018competent committee in the context of consumer disputes\u2019.<\/p><p>Alternative dispute resolution is, as a rule, less expensive, less formal and faster than the judicial process.<\/p><p>VictorAfonso makes available the websites of some of these entities that can help you to present your arguments:<\/p><\/div><\/div><\/div><\/div><\/div><\/div><\/section><section class=\"elementor-section elementor-top-section elementor-element elementor-element-8bd6dfc elementor-section-boxed elementor-section-height-default elementor-section-height-default\" data-id=\"8bd6dfc\" data-element_type=\"section\"><div class=\"elementor-container elementor-column-gap-default\"><div class=\"elementor-column elementor-col-100 elementor-top-column elementor-element elementor-element-f28e468\" data-id=\"f28e468\" data-element_type=\"column\"><div class=\"elementor-widget-wrap elementor-element-populated\"><div class=\"elementor-element elementor-element-47c1d87 elementor-widget elementor-widget-heading\" data-id=\"47c1d87\" data-element_type=\"widget\" data-widget_type=\"heading.default\"><div class=\"elementor-widget-container\"><h3>Sugest\u00f5es de Entidades de Resolu\u00e7\u00e3o Alternativa de Lit\u00edgio<\/h3><p><strong>CNIACC \u2013 Centro Nacional de Informa\u00e7\u00e3o e Arbitragem de Conflitos de Consumo<\/strong><br \/><a href=\"https:\/\/www.cniacc.pt\/\" target=\"_blank\" rel=\"noopener\">https:\/\/www.cniacc.pt<\/a><\/p><p><strong>Centro de Arbitragem de Conflitos de Consumo de Lisboa<\/strong><br \/><a href=\"http:\/\/www.centroarbitragemlisboa.pt\/\" target=\"_blank\" rel=\"noopener\">http:\/\/www.centroarbitragemlisboa.pt\/<\/a><\/p><p><strong>Centro de Arbitragem de Conflitos de Consumo do Vale do Ave\/Tribunal Arbitral<\/strong><br \/><a href=\"http:\/\/www.triave.pt\/\" target=\"_blank\" rel=\"noopener\">http:\/\/www.triave.pt\/<\/a><\/p><p><strong>CIAB \u2013 Centro de Informa\u00e7\u00e3o, Media\u00e7\u00e3o e Arbitragem de Consumo (Tribunal Arbitral de Consumo)<\/strong><br \/><a href=\"http:\/\/www.ciab.pt\/pt\/\" target=\"_blank\" rel=\"noopener\">http:\/\/www.ciab.pt\/pt\/<\/a><\/p><p><strong>CIMPAS \u2013 Centro de Informa\u00e7\u00e3o, Media\u00e7\u00e3o e Provedoria de Seguros<\/strong><br \/><a href=\"https:\/\/www.cimpas.pt\/\" target=\"_blank\" rel=\"noopener\">https:\/\/www.cimpas.pt\/<\/a><\/p><\/div><\/div><\/div><\/div><\/div><\/section>\t\t\t\t\t\t\t\t<\/div>\n\t\t\t\t<\/div>\n\t\t\t\t\t<\/div>\n\t\t<\/div>\n\t\t\t\t\t<\/div>\n\t\t<\/section>\n\t\t\t\t<\/div>","protected":false},"excerpt":{"rendered":"<p>Resolu\u00e7\u00e3o de Lit\u00edgios Online A Uni\u00e3o Europeia criou um site para apoiar os consumidores na apresenta\u00e7\u00e3o das suas reclama\u00e7\u00f5es sobre qualquer lit\u00edgio em que estejam envolvidos. Neste \u00e2mbito, o VictorAfonso disponibiliza toda a informa\u00e7\u00e3o para que possa exercer o seu direito de reclama\u00e7\u00e3o junto de uma entidade oficial, terceira e imparcial ao processo. Assim, se [&hellip;]<\/p>\n","protected":false},"author":1,"featured_media":0,"parent":0,"menu_order":0,"comment_status":"closed","ping_status":"closed","template":"","meta":{"ocean_post_layout":"full-screen","ocean_both_sidebars_style":"","ocean_both_sidebars_content_width":0,"ocean_both_sidebars_sidebars_width":0,"ocean_sidebar":"0","ocean_second_sidebar":"0","ocean_disable_margins":"enable","ocean_add_body_class":"","ocean_shortcode_before_top_bar":"","ocean_shortcode_after_top_bar":"","ocean_shortcode_before_header":"","ocean_shortcode_after_header":"","ocean_has_shortcode":"","ocean_shortcode_after_title":"","ocean_shortcode_before_footer_widgets":"","ocean_shortcode_after_footer_widgets":"","ocean_shortcode_before_footer_bottom":"","ocean_shortcode_after_footer_bottom":"","ocean_display_top_bar":"default","ocean_display_header":"default","ocean_header_style":"","ocean_center_header_left_menu":"0","ocean_custom_header_template":"0","ocean_custom_logo":0,"ocean_custom_retina_logo":0,"ocean_custom_logo_max_width":0,"ocean_custom_logo_tablet_max_width":0,"ocean_custom_logo_mobile_max_width":0,"ocean_custom_logo_max_height":0,"ocean_custom_logo_tablet_max_height":0,"ocean_custom_logo_mobile_max_height":0,"ocean_header_custom_menu":"0","ocean_menu_typo_font_family":"0","ocean_menu_typo_font_subset":"","ocean_menu_typo_font_size":0,"ocean_menu_typo_font_size_tablet":0,"ocean_menu_typo_font_size_mobile":0,"ocean_menu_typo_font_size_unit":"px","ocean_menu_typo_font_weight":"","ocean_menu_typo_font_weight_tablet":"","ocean_menu_typo_font_weight_mobile":"","ocean_menu_typo_transform":"","ocean_menu_typo_transform_tablet":"","ocean_menu_typo_transform_mobile":"","ocean_menu_typo_line_height":0,"ocean_menu_typo_line_height_tablet":0,"ocean_menu_typo_line_height_mobile":0,"ocean_menu_typo_line_height_unit":"","ocean_menu_typo_spacing":0,"ocean_menu_typo_spacing_tablet":0,"ocean_menu_typo_spacing_mobile":0,"ocean_menu_typo_spacing_unit":"","ocean_menu_link_color":"","ocean_menu_link_color_hover":"","ocean_menu_link_color_active":"","ocean_menu_link_background":"","ocean_menu_link_hover_background":"","ocean_menu_link_active_background":"","ocean_menu_social_links_bg":"","ocean_menu_social_hover_links_bg":"","ocean_menu_social_links_color":"","ocean_menu_social_hover_links_color":"","ocean_disable_title":"default","ocean_disable_heading":"default","ocean_post_title":"","ocean_post_subheading":"","ocean_post_title_style":"","ocean_post_title_background_color":"","ocean_post_title_background":0,"ocean_post_title_bg_image_position":"","ocean_post_title_bg_image_attachment":"","ocean_post_title_bg_image_repeat":"","ocean_post_title_bg_image_size":"","ocean_post_title_height":0,"ocean_post_title_bg_overlay":0.5,"ocean_post_title_bg_overlay_color":"","ocean_disable_breadcrumbs":"default","ocean_breadcrumbs_color":"","ocean_breadcrumbs_separator_color":"","ocean_breadcrumbs_links_color":"","ocean_breadcrumbs_links_hover_color":"","ocean_display_footer_widgets":"default","ocean_display_footer_bottom":"default","ocean_custom_footer_template":"0","footnotes":""},"class_list":["post-811","page","type-page","status-publish","hentry","entry","owp-thumbs-layout-horizontal","owp-btn-normal","owp-tabs-layout-horizontal","has-no-thumbnails","has-product-nav","circle-sale"],"_links":{"self":[{"href":"https:\/\/victorafonso.pt\/en\/wp-json\/wp\/v2\/pages\/811","targetHints":{"allow":["GET"]}}],"collection":[{"href":"https:\/\/victorafonso.pt\/en\/wp-json\/wp\/v2\/pages"}],"about":[{"href":"https:\/\/victorafonso.pt\/en\/wp-json\/wp\/v2\/types\/page"}],"author":[{"embeddable":true,"href":"https:\/\/victorafonso.pt\/en\/wp-json\/wp\/v2\/users\/1"}],"replies":[{"embeddable":true,"href":"https:\/\/victorafonso.pt\/en\/wp-json\/wp\/v2\/comments?post=811"}],"version-history":[{"count":14,"href":"https:\/\/victorafonso.pt\/en\/wp-json\/wp\/v2\/pages\/811\/revisions"}],"predecessor-version":[{"id":2375,"href":"https:\/\/victorafonso.pt\/en\/wp-json\/wp\/v2\/pages\/811\/revisions\/2375"}],"wp:attachment":[{"href":"https:\/\/victorafonso.pt\/en\/wp-json\/wp\/v2\/media?parent=811"}],"curies":[{"name":"wp","href":"https:\/\/api.w.org\/{rel}","templated":true}]}}